{"id":1804,"date":"2023-11-28T10:50:38","date_gmt":"2023-11-28T10:50:38","guid":{"rendered":"https:\/\/sauleunvejs.com\/?page_id=1804"},"modified":"2024-08-28T13:40:42","modified_gmt":"2024-08-28T13:40:42","slug":"saules-paneli-privatmajai","status":"publish","type":"page","link":"https:\/\/sauleunvejs.com\/en\/saules-paneli-privatmajai\/","title":{"rendered":"Private"},"content":{"rendered":"<div data-elementor-type=\"wp-page\" data-elementor-id=\"1804\" class=\"elementor elementor-1804\" data-elementor-post-type=\"page\">\n\t\t\t\t\t\t<section class=\"elementor-section elementor-top-section elementor-element elementor-element-532c320 elementor-section-boxed elementor-section-height-default elementor-section-height-default\" data-id=\"532c320\" data-element_type=\"section\" data-settings=\"{&quot;background_background&quot;:&quot;classic&quot;}\">\n\t\t\t\t\t\t<div class=\"elementor-container elementor-column-gap-default\">\n\t\t\t\t\t<div class=\"elementor-column elementor-col-100 elementor-top-column elementor-element elementor-element-bf7ed80\" data-id=\"bf7ed80\" data-element_type=\"column\">\n\t\t\t<div class=\"elementor-widget-wrap elementor-element-populated\">\n\t\t\t\t\t\t<div class=\"elementor-element elementor-element-e76aba1 elementor-widget elementor-widget-heading\" data-id=\"e76aba1\" data-element_type=\"widget\" data-widget_type=\"heading.default\">\n\t\t\t\t<div class=\"elementor-widget-container\">\n\t\t\t<h1 class=\"elementor-heading-title elementor-size-default\">Solar panels for private houses\n<\/h1>\t\t<\/div>\n\t\t\t\t<\/div>\n\t\t\t\t<div class=\"elementor-element elementor-element-a631c9f elementor-widget elementor-widget-text-editor\" data-id=\"a631c9f\" data-element_type=\"widget\" data-widget_type=\"text-editor.default\">\n\t\t\t\t<div class=\"elementor-widget-container\">\n\t\t\t\t\t\t\tEnjoy green energy in your home - we offer high-quality solar panel solutions for private homes. Our experience and expertise guarantee that we will help you choose and install the most suitable solar panel system, allowing you to enjoy solar energy and reduce electricity supply costs.\t\t\t\t\t\t<\/div>\n\t\t\t\t<\/div>\n\t\t\t\t\t<\/div>\n\t\t<\/div>\n\t\t\t\t\t<\/div>\n\t\t<\/section>\n\t\t\t\t<section class=\"elementor-section elementor-top-section elementor-element elementor-element-478fcae elementor-section-boxed elementor-section-height-default elementor-section-height-default\" data-id=\"478fcae\" data-element_type=\"section\" data-settings=\"{&quot;background_background&quot;:&quot;classic&quot;}\">\n\t\t\t\t\t\t<div class=\"elementor-container elementor-column-gap-default\">\n\t\t\t\t\t<div class=\"elementor-column elementor-col-100 elementor-top-column elementor-element elementor-element-5349513\" data-id=\"5349513\" data-element_type=\"column\">\n\t\t\t<div class=\"elementor-widget-wrap elementor-element-populated\">\n\t\t\t\t\t\t<div class=\"elementor-element elementor-element-73e958c elementor-widget elementor-widget-heading\" data-id=\"73e958c\" data-element_type=\"widget\" data-widget_type=\"heading.default\">\n\t\t\t\t<div class=\"elementor-widget-container\">\n\t\t\t<h2 class=\"elementor-heading-title elementor-size-default\">Why choose solar panels for your private home?<\/h2>\t\t<\/div>\n\t\t\t\t<\/div>\n\t\t\t\t<div class=\"elementor-element elementor-element-48425dc elementor-position-left elementor-vertical-align-middle elementor-view-default elementor-mobile-position-top elementor-widget elementor-widget-icon-box\" data-id=\"48425dc\" data-element_type=\"widget\" data-widget_type=\"icon-box.default\">\n\t\t\t\t<div class=\"elementor-widget-container\">\n\t\t\t\t\t<div class=\"elementor-icon-box-wrapper\">\n\n\t\t\t\t\t\t<div class=\"elementor-icon-box-icon\">\n\t\t\t\t<span  class=\"elementor-icon elementor-animation-\">\n\t\t\t\t<svg aria-hidden=\"true\" class=\"e-font-icon-svg e-fas-sun\" viewbox=\"0 0 512 512\" xmlns=\"http:\/\/www.w3.org\/2000\/svg\"><path d=\"M256 160c-52.9 0-96 43.1-96 96s43.1 96 96 96 96-43.1 96-96-43.1-96-96-96zm246.4 80.5l-94.7-47.3 33.5-100.4c4.5-13.6-8.4-26.5-21.9-21.9l-100.4 33.5-47.4-94.8c-6.4-12.8-24.6-12.8-31 0l-47.3 94.7L92.7 70.8c-13.6-4.5-26.5 8.4-21.9 21.9l33.5 100.4-94.7 47.4c-12.8 6.4-12.8 24.6 0 31l94.7 47.3-33.5 100.5c-4.5 13.6 8.4 26.5 21.9 21.9l100.4-33.5 47.3 94.7c6.4 12.8 24.6 12.8 31 0l47.3-94.7 100.4 33.5c13.6 4.5 26.5-8.4 21.9-21.9l-33.5-100.4 94.7-47.3c13-6.5 13-24.7.2-31.1zm-155.9 106c-49.9 49.9-131.1 49.9-181 0-49.9-49.9-49.9-131.1 0-181 49.9-49.9 131.1-49.9 181 0 49.9 49.9 49.9 131.1 0 181z\"><\/path><\/svg>\t\t\t\t<\/span>\n\t\t\t<\/div>\n\t\t\t\n\t\t\t\t\t\t<div class=\"elementor-icon-box-content\">\n\n\t\t\t\t\t\t\t\t\t<h3 class=\"elementor-icon-box-title\">\n\t\t\t\t\t\t<span  >\n\t\t\t\t\t\t\t Financially beneficial:\t\t\t\t\t\t<\/span>\n\t\t\t\t\t<\/h3>\n\t\t\t\t\n\t\t\t\t\t\t\t\t\t<p class=\"elementor-icon-box-description\">\n\t\t\t\t\t\tReduce electricity costs and gain grid independence by using solar energy.\t\t\t\t\t<\/p>\n\t\t\t\t\n\t\t\t<\/div>\n\t\t\t\n\t\t<\/div>\n\t\t\t\t<\/div>\n\t\t\t\t<\/div>\n\t\t\t\t<div class=\"elementor-element elementor-element-b8f5eeb elementor-position-left elementor-vertical-align-middle elementor-view-default elementor-mobile-position-top elementor-widget elementor-widget-icon-box\" data-id=\"b8f5eeb\" data-element_type=\"widget\" data-widget_type=\"icon-box.default\">\n\t\t\t\t<div class=\"elementor-widget-container\">\n\t\t\t\t\t<div class=\"elementor-icon-box-wrapper\">\n\n\t\t\t\t\t\t<div class=\"elementor-icon-box-icon\">\n\t\t\t\t<span  class=\"elementor-icon elementor-animation-\">\n\t\t\t\t<svg aria-hidden=\"true\" class=\"e-font-icon-svg e-fas-sun\" viewbox=\"0 0 512 512\" xmlns=\"http:\/\/www.w3.org\/2000\/svg\"><path d=\"M256 160c-52.9 0-96 43.1-96 96s43.1 96 96 96 96-43.1 96-96-43.1-96-96-96zm246.4 80.5l-94.7-47.3 33.5-100.4c4.5-13.6-8.4-26.5-21.9-21.9l-100.4 33.5-47.4-94.8c-6.4-12.8-24.6-12.8-31 0l-47.3 94.7L92.7 70.8c-13.6-4.5-26.5 8.4-21.9 21.9l33.5 100.4-94.7 47.4c-12.8 6.4-12.8 24.6 0 31l94.7 47.3-33.5 100.5c-4.5 13.6 8.4 26.5 21.9 21.9l100.4-33.5 47.3 94.7c6.4 12.8 24.6 12.8 31 0l47.3-94.7 100.4 33.5c13.6 4.5 26.5-8.4 21.9-21.9l-33.5-100.4 94.7-47.3c13-6.5 13-24.7.2-31.1zm-155.9 106c-49.9 49.9-131.1 49.9-181 0-49.9-49.9-49.9-131.1 0-181 49.9-49.9 131.1-49.9 181 0 49.9 49.9 49.9 131.1 0 181z\"><\/path><\/svg>\t\t\t\t<\/span>\n\t\t\t<\/div>\n\t\t\t\n\t\t\t\t\t\t<div class=\"elementor-icon-box-content\">\n\n\t\t\t\t\t\t\t\t\t<h3 class=\"elementor-icon-box-title\">\n\t\t\t\t\t\t<span  >\n\t\t\t\t\t\t\tEnvironmentally Friendly:\t\t\t\t\t\t<\/span>\n\t\t\t\t\t<\/h3>\n\t\t\t\t\n\t\t\t\t\t\t\t\t\t<p class=\"elementor-icon-box-description\">\n\t\t\t\t\t\tMake an impact on your environment, enjoy cleaner air and reduce your CO2 emissions with solar panels.\t\t\t\t\t<\/p>\n\t\t\t\t\n\t\t\t<\/div>\n\t\t\t\n\t\t<\/div>\n\t\t\t\t<\/div>\n\t\t\t\t<\/div>\n\t\t\t\t<div class=\"elementor-element elementor-element-3614a03 elementor-position-left elementor-vertical-align-middle elementor-view-default elementor-mobile-position-top elementor-widget elementor-widget-icon-box\" data-id=\"3614a03\" data-element_type=\"widget\" data-widget_type=\"icon-box.default\">\n\t\t\t\t<div class=\"elementor-widget-container\">\n\t\t\t\t\t<div class=\"elementor-icon-box-wrapper\">\n\n\t\t\t\t\t\t<div class=\"elementor-icon-box-icon\">\n\t\t\t\t<span  class=\"elementor-icon elementor-animation-\">\n\t\t\t\t<svg aria-hidden=\"true\" class=\"e-font-icon-svg e-fas-sun\" viewbox=\"0 0 512 512\" xmlns=\"http:\/\/www.w3.org\/2000\/svg\"><path d=\"M256 160c-52.9 0-96 43.1-96 96s43.1 96 96 96 96-43.1 96-96-43.1-96-96-96zm246.4 80.5l-94.7-47.3 33.5-100.4c4.5-13.6-8.4-26.5-21.9-21.9l-100.4 33.5-47.4-94.8c-6.4-12.8-24.6-12.8-31 0l-47.3 94.7L92.7 70.8c-13.6-4.5-26.5 8.4-21.9 21.9l33.5 100.4-94.7 47.4c-12.8 6.4-12.8 24.6 0 31l94.7 47.3-33.5 100.5c-4.5 13.6 8.4 26.5 21.9 21.9l100.4-33.5 47.3 94.7c6.4 12.8 24.6 12.8 31 0l47.3-94.7 100.4 33.5c13.6 4.5 26.5-8.4 21.9-21.9l-33.5-100.4 94.7-47.3c13-6.5 13-24.7.2-31.1zm-155.9 106c-49.9 49.9-131.1 49.9-181 0-49.9-49.9-49.9-131.1 0-181 49.9-49.9 131.1-49.9 181 0 49.9 49.9 49.9 131.1 0 181z\"><\/path><\/svg>\t\t\t\t<\/span>\n\t\t\t<\/div>\n\t\t\t\n\t\t\t\t\t\t<div class=\"elementor-icon-box-content\">\n\n\t\t\t\t\t\t\t\t\t<h3 class=\"elementor-icon-box-title\">\n\t\t\t\t\t\t<span  >\n\t\t\t\t\t\t\tLong Term Benefits:\t\t\t\t\t\t<\/span>\n\t\t\t\t\t<\/h3>\n\t\t\t\t\n\t\t\t\t\t\t\t\t\t<p class=\"elementor-icon-box-description\">\n\t\t\t\t\t\tChoose solar panels as a safe investment with financial security and long-term savings.\t\t\t\t\t<\/p>\n\t\t\t\t\n\t\t\t<\/div>\n\t\t\t\n\t\t<\/div>\n\t\t\t\t<\/div>\n\t\t\t\t<\/div>\n\t\t\t\t\t<\/div>\n\t\t<\/div>\n\t\t\t\t\t<\/div>\n\t\t<\/section>\n\t\t\t\t<section class=\"elementor-section elementor-top-section elementor-element elementor-element-a215239 elementor-hidden-mobile elementor-section-boxed elementor-section-height-default elementor-section-height-default\" data-id=\"a215239\" data-element_type=\"section\" data-settings=\"{&quot;background_background&quot;:&quot;classic&quot;}\">\n\t\t\t\t\t\t<div class=\"elementor-container elementor-column-gap-default\">\n\t\t\t\t\t<div class=\"elementor-column elementor-col-100 elementor-top-column elementor-element elementor-element-9779771\" data-id=\"9779771\" data-element_type=\"column\">\n\t\t\t<div class=\"elementor-widget-wrap elementor-element-populated\">\n\t\t\t\t\t\t<div class=\"elementor-element elementor-element-24f0382 elementor-widget elementor-widget-heading\" data-id=\"24f0382\" data-element_type=\"widget\" data-widget_type=\"heading.default\">\n\t\t\t\t<div class=\"elementor-widget-container\">\n\t\t\t<h2 class=\"elementor-heading-title elementor-size-default\">How to start using solar energy in your private home?<\/h2>\t\t<\/div>\n\t\t\t\t<\/div>\n\t\t\t\t<div class=\"elementor-element elementor-element-d70ab8f elementor-widget elementor-widget-be-timeline\" data-id=\"d70ab8f\" data-element_type=\"widget\" data-widget_type=\"be-timeline.default\">\n\t\t\t\t<div class=\"elementor-widget-container\">\n\t\t\t<ul class=\"be-pack timeline\">\t\t\t<li class=\"timeline-right\">\n\t\t\t \n\t\t\t<div class=\"tl-circ\"><\/div>\n\t\t\t  <div class=\"timeline-panel\">\n\t\t\t\t<div class=\"tl-heading\">\n\t\t\t\t\t<div class=\"tl-content\">\n\t\t\t\t\t\t\t\t\t\t\t\t<div class=\"be-desc\">\n\t\t\t\t\t\t<h2 class=\"be-title\">Consultation:<\/h2>\t\t\t\t\t\t<div class=\"be-content\">\n\t\t\t\t\t\t\tGet advice on solar energy production options and the best solution from our team. \n\t\t\t\t\t\t<\/div>\n\t\t\t\t\t\t<\/div>\n\t\t\t\t\t<\/div>\n\t\t\t\t<\/div>\n\t\t\t  <\/div>\n\t\t\t<\/li>\n\t\t\t\t\t\t\t<li class=\"timeline-inverted\">\n\t\t\t \n\t\t\t<div class=\"tl-circ\"><\/div>\n\t\t\t  <div class=\"timeline-panel\">\n\t\t\t\t<div class=\"tl-heading\">\n\t\t\t\t\t<div class=\"tl-content\">\n\t\t\t\t\t\t\t\t\t\t\t\t<div class=\"be-desc\">\n\t\t\t\t\t\t<h2 class=\"be-title\">Distribution networks:<\/h2>\t\t\t\t\t\t<div class=\"be-content\">\n\t\t\t\t\t\t\tFill out the application to find out if it is possible to connect a microgenerator in your location. \n\t\t\t\t\t\t<\/div>\n\t\t\t\t\t\t<\/div>\n\t\t\t\t\t<\/div>\n\t\t\t\t<\/div>\n\t\t\t  <\/div>\n\t\t\t<\/li>\n\t\t\t\t\t\t<li class=\"timeline-right\">\n\t\t\t \n\t\t\t<div class=\"tl-circ\"><\/div>\n\t\t\t  <div class=\"timeline-panel\">\n\t\t\t\t<div class=\"tl-heading\">\n\t\t\t\t\t<div class=\"tl-content\">\n\t\t\t\t\t\t\t\t\t\t\t\t<div class=\"be-desc\">\n\t\t\t\t\t\t<h2 class=\"be-title\">Planning:<\/h2>\t\t\t\t\t\t<div class=\"be-content\">\n\t\t\t\t\t\t\tWe develop an optimal plan for your solar energy system in order to better prepare for its installation. \n\t\t\t\t\t\t<\/div>\n\t\t\t\t\t\t<\/div>\n\t\t\t\t\t<\/div>\n\t\t\t\t<\/div>\n\t\t\t  <\/div>\n\t\t\t<\/li>\n\t\t\t\t\t\t\t<li class=\"timeline-inverted\">\n\t\t\t \n\t\t\t<div class=\"tl-circ\"><\/div>\n\t\t\t  <div class=\"timeline-panel\">\n\t\t\t\t<div class=\"tl-heading\">\n\t\t\t\t\t<div class=\"tl-content\">\n\t\t\t\t\t\t\t\t\t\t\t\t<div class=\"be-desc\">\n\t\t\t\t\t\t<h2 class=\"be-title\">Assembly:<\/h2>\t\t\t\t\t\t<div class=\"be-content\">\n\t\t\t\t\t\t\tA professional team will carry out assembly work and a certified electrician will prepare the connection to the distribution network. \n\t\t\t\t\t\t<\/div>\n\t\t\t\t\t\t<\/div>\n\t\t\t\t\t<\/div>\n\t\t\t\t<\/div>\n\t\t\t  <\/div>\n\t\t\t<\/li>\n\t\t\t\t\t\t<li class=\"timeline-right\">\n\t\t\t \n\t\t\t<div class=\"tl-circ\"><\/div>\n\t\t\t  <div class=\"timeline-panel\">\n\t\t\t\t<div class=\"tl-heading\">\n\t\t\t\t\t<div class=\"tl-content\">\n\t\t\t\t\t\t\t\t\t\t\t\t<div class=\"be-desc\">\n\t\t\t\t\t\t<h2 class=\"be-title\">Production:<\/h2>\t\t\t\t\t\t<div class=\"be-content\">\n\t\t\t\t\t\t\tJoin the group of green energy producers - your private house is now ready to produce electricity from the sun! \n\t\t\t\t\t\t<\/div>\n\t\t\t\t\t\t<\/div>\n\t\t\t\t\t<\/div>\n\t\t\t\t<\/div>\n\t\t\t  <\/div>\n\t\t\t<\/li>\n\t\t\t \n      <\/ul>\n\n\t\t\t<\/div>\n\t\t\t\t<\/div>\n\t\t\t\t\t<\/div>\n\t\t<\/div>\n\t\t\t\t\t<\/div>\n\t\t<\/section>\n\t\t\t\t<section class=\"elementor-section elementor-top-section elementor-element elementor-element-43ffc13 elementor-section-boxed elementor-section-height-default elementor-section-height-default\" data-id=\"43ffc13\" data-element_type=\"section\" data-settings=\"{&quot;background_background&quot;:&quot;classic&quot;}\">\n\t\t\t\t\t\t<div class=\"elementor-container elementor-column-gap-default\">\n\t\t\t\t\t<div class=\"elementor-column elementor-col-100 elementor-top-column elementor-element elementor-element-685d525\" data-id=\"685d525\" data-element_type=\"column\">\n\t\t\t<div class=\"elementor-widget-wrap elementor-element-populated\">\n\t\t\t\t\t\t<div class=\"elementor-element elementor-element-9b15776 elementor-widget__width-initial elementor-widget elementor-widget-heading\" data-id=\"9b15776\" data-element_type=\"widget\" data-widget_type=\"heading.default\">\n\t\t\t\t<div class=\"elementor-widget-container\">\n\t\t\t<h2 class=\"elementor-heading-title elementor-size-default\">Apply for a consultation and start producing your own solar energy!<\/h2>\t\t<\/div>\n\t\t\t\t<\/div>\n\t\t\t\t<div class=\"elementor-element elementor-element-8c8dcaf elementor-icon-list--layout-inline elementor-align-center elementor-list-item-link-full_width elementor-widget elementor-widget-icon-list\" data-id=\"8c8dcaf\" data-element_type=\"widget\" data-widget_type=\"icon-list.default\">\n\t\t\t\t<div class=\"elementor-widget-container\">\n\t\t\t\t\t<ul class=\"elementor-icon-list-items elementor-inline-items\">\n\t\t\t\t\t\t\t<li class=\"elementor-icon-list-item elementor-inline-item\">\n\t\t\t\t\t\t\t\t\t\t\t<a href=\"tel: 37127720699\">\n\n\t\t\t\t\t\t\t\t\t\t\t\t<span class=\"elementor-icon-list-icon\">\n\t\t\t\t\t\t\t<svg aria-hidden=\"true\" class=\"e-font-icon-svg e-fas-phone-alt\" viewbox=\"0 0 512 512\" xmlns=\"http:\/\/www.w3.org\/2000\/svg\"><path d=\"M497.39 361.8l-112-48a24 24 0 0 0-28 6.9l-49.6 60.6A370.66 370.66 0 0 1 130.6 204.11l60.6-49.6a23.94 23.94 0 0 0 6.9-28l-48-112A24.16 24.16 0 0 0 122.6.61l-104 24A24 24 0 0 0 0 48c0 256.5 207.9 464 464 464a24 24 0 0 0 23.4-18.6l24-104a24.29 24.29 0 0 0-14.01-27.6z\"><\/path><\/svg>\t\t\t\t\t\t<\/span>\n\t\t\t\t\t\t\t\t\t\t<span class=\"elementor-icon-list-text\">+371 27 720 699<\/span>\n\t\t\t\t\t\t\t\t\t\t\t<\/a>\n\t\t\t\t\t\t\t\t\t<\/li>\n\t\t\t\t\t\t\t\t<li class=\"elementor-icon-list-item elementor-inline-item\">\n\t\t\t\t\t\t\t\t\t\t\t<a href=\"mailto:info@sauleunvejs.com\">\n\n\t\t\t\t\t\t\t\t\t\t\t\t<span class=\"elementor-icon-list-icon\">\n\t\t\t\t\t\t\t<svg aria-hidden=\"true\" class=\"e-font-icon-svg e-far-envelope-open\" viewbox=\"0 0 512 512\" xmlns=\"http:\/\/www.w3.org\/2000\/svg\"><path d=\"M494.586 164.516c-4.697-3.883-111.723-89.95-135.251-108.657C337.231 38.191 299.437 0 256 0c-43.205 0-80.636 37.717-103.335 55.859-24.463 19.45-131.07 105.195-135.15 108.549A48.004 48.004 0 0 0 0 201.485V464c0 26.51 21.49 48 48 48h416c26.51 0 48-21.49 48-48V201.509a48 48 0 0 0-17.414-36.993zM464 458a6 6 0 0 1-6 6H54a6 6 0 0 1-6-6V204.347c0-1.813.816-3.526 2.226-4.665 15.87-12.814 108.793-87.554 132.364-106.293C200.755 78.88 232.398 48 256 48c23.693 0 55.857 31.369 73.41 45.389 23.573 18.741 116.503 93.493 132.366 106.316a5.99 5.99 0 0 1 2.224 4.663V458zm-31.991-187.704c4.249 5.159 3.465 12.795-1.745 16.981-28.975 23.283-59.274 47.597-70.929 56.863C336.636 362.283 299.205 400 256 400c-43.452 0-81.287-38.237-103.335-55.86-11.279-8.967-41.744-33.413-70.927-56.865-5.21-4.187-5.993-11.822-1.745-16.981l15.258-18.528c4.178-5.073 11.657-5.843 16.779-1.726 28.618 23.001 58.566 47.035 70.56 56.571C200.143 320.631 232.307 352 256 352c23.602 0 55.246-30.88 73.41-45.389 11.994-9.535 41.944-33.57 70.563-56.568 5.122-4.116 12.601-3.346 16.778 1.727l15.258 18.526z\"><\/path><\/svg>\t\t\t\t\t\t<\/span>\n\t\t\t\t\t\t\t\t\t\t<span class=\"elementor-icon-list-text\">info@sauleunvejs.com<\/span>\n\t\t\t\t\t\t\t\t\t\t\t<\/a>\n\t\t\t\t\t\t\t\t\t<\/li>\n\t\t\t\t\t\t<\/ul>\n\t\t\t\t<\/div>\n\t\t\t\t<\/div>\n\t\t\t\t<div class=\"elementor-element elementor-element-773434c elementor-hidden-mobile elementor-widget-divider--view-line elementor-widget elementor-widget-divider\" data-id=\"773434c\" data-element_type=\"widget\" data-widget_type=\"divider.default\">\n\t\t\t\t<div class=\"elementor-widget-container\">\n\t\t\t\t\t<div class=\"elementor-divider\">\n\t\t\t<span class=\"elementor-divider-separator\">\n\t\t\t\t\t\t<\/span>\n\t\t<\/div>\n\t\t\t\t<\/div>\n\t\t\t\t<\/div>\n\t\t\t\t\t<\/div>\n\t\t<\/div>\n\t\t\t\t\t<\/div>\n\t\t<\/section>\n\t\t\t\t<\/div>","protected":false},"excerpt":{"rendered":"<p>Saules pane\u013ci priv\u0101tm\u0101j\u0101m Izbaudi za\u013co ener\u0123iju sav\u0101 m\u0101j\u0101 &#8211; pied\u0101v\u0101jam augstas kvalit\u0101tes saules pane\u013cu risin\u0101jumus priv\u0101tm\u0101j\u0101m. M\u016bsu pieredze un ekspert\u012bze garant\u0113, ka pal\u012bdz\u0113sim izv\u0113l\u0113ties un uzst\u0101d\u012bt piem\u0113rot\u0101ko saules pane\u013cu sist\u0113mu, \u013caujot Tev baud\u012bt saules ener\u0123iju un samazin\u0101t elektroapg\u0101des izmaksas. K\u0101d\u0113\u013c izv\u0113l\u0113ties saules pane\u013cus savai priv\u0101tm\u0101jai? Finansi\u0101li izdev\u012bgi: Samazini elektroapg\u0101des izmaksas un ieg\u016bsti neatkar\u012bbu no elektrot\u012bkla,&#8230;<\/p>","protected":false},"author":4,"featured_media":0,"parent":0,"menu_order":0,"comment_status":"closed","ping_status":"closed","template":"","meta":{"_kad_post_transparent":"","_kad_post_title":"hide","_kad_post_layout":"fullwidth","_kad_post_sidebar_id":"","_kad_post_content_style":"unboxed","_kad_post_vertical_padding":"hide","_kad_post_feature":"hide","_kad_post_feature_position":"","_kad_post_header":false,"_kad_post_footer":false,"iawp_total_views":409,"footnotes":""},"class_list":["post-1804","page","type-page","status-publish","hentry"],"yoast_head":"<!-- This site is optimized with the Yoast SEO plugin v23.6 - https:\/\/yoast.com\/wordpress\/plugins\/seo\/ -->\n<title>Saules Pane\u013ci Priv\u0101tm\u0101jai - sauleunvejs.com<\/title>\n<meta name=\"description\" content=\"Za\u013c\u0101 ener\u0123ija Tav\u0101m m\u0101j\u0101m - sniedzam augstas kvalit\u0101tes saules pane\u013cu risin\u0101jumus priv\u0101tm\u0101j\u0101m. Samazini ener\u0123ijas r\u0113\u0137inus un ieg\u016bsti ilgtsp\u0113j\u012bgu ener\u0123iju!\" \/>\n<meta name=\"robots\" content=\"index, follow, max-snippet:-1, max-image-preview:large, max-video-preview:-1\" \/>\n<link rel=\"canonical\" href=\"https:\/\/sauleunvejs.com\/en\/saules-paneli-privatmajai\/\" \/>\n<meta property=\"og:locale\" content=\"en_GB\" \/>\n<meta property=\"og:type\" content=\"article\" \/>\n<meta property=\"og:title\" content=\"Saules Pane\u013ci Priv\u0101tm\u0101jai - sauleunvejs.com\" \/>\n<meta property=\"og:description\" content=\"Za\u013c\u0101 ener\u0123ija Tav\u0101m m\u0101j\u0101m - sniedzam augstas kvalit\u0101tes saules pane\u013cu risin\u0101jumus priv\u0101tm\u0101j\u0101m. Samazini ener\u0123ijas r\u0113\u0137inus un ieg\u016bsti ilgtsp\u0113j\u012bgu ener\u0123iju!\" \/>\n<meta property=\"og:url\" content=\"https:\/\/sauleunvejs.com\/en\/saules-paneli-privatmajai\/\" \/>\n<meta property=\"og:site_name\" content=\"sauleunvejs.com\" \/>\n<meta property=\"article:modified_time\" content=\"2024-08-28T13:40:42+00:00\" \/>\n<meta name=\"twitter:card\" content=\"summary_large_image\" \/>\n<meta name=\"twitter:label1\" content=\"Estimated reading time\" \/>\n\t<meta name=\"twitter:data1\" content=\"1 minute\" \/>\n<script type=\"application\/ld+json\" class=\"yoast-schema-graph\">{\"@context\":\"https:\/\/schema.org\",\"@graph\":[{\"@type\":\"WebPage\",\"@id\":\"https:\/\/sauleunvejs.com\/saules-paneli-privatmajai\/\",\"url\":\"https:\/\/sauleunvejs.com\/saules-paneli-privatmajai\/\",\"name\":\"Saules Pane\u013ci Priv\u0101tm\u0101jai - sauleunvejs.com\",\"isPartOf\":{\"@id\":\"https:\/\/sauleunvejs.com\/#website\"},\"datePublished\":\"2023-11-28T10:50:38+00:00\",\"dateModified\":\"2024-08-28T13:40:42+00:00\",\"description\":\"Za\u013c\u0101 ener\u0123ija Tav\u0101m m\u0101j\u0101m - sniedzam augstas kvalit\u0101tes saules pane\u013cu risin\u0101jumus priv\u0101tm\u0101j\u0101m. Samazini ener\u0123ijas r\u0113\u0137inus un ieg\u016bsti ilgtsp\u0113j\u012bgu ener\u0123iju!\",\"breadcrumb\":{\"@id\":\"https:\/\/sauleunvejs.com\/saules-paneli-privatmajai\/#breadcrumb\"},\"inLanguage\":\"en-GB\",\"potentialAction\":[{\"@type\":\"ReadAction\",\"target\":[\"https:\/\/sauleunvejs.com\/saules-paneli-privatmajai\/\"]}]},{\"@type\":\"BreadcrumbList\",\"@id\":\"https:\/\/sauleunvejs.com\/saules-paneli-privatmajai\/#breadcrumb\",\"itemListElement\":[{\"@type\":\"ListItem\",\"position\":1,\"name\":\"Home\",\"item\":\"https:\/\/sauleunvejs.com\/\"},{\"@type\":\"ListItem\",\"position\":2,\"name\":\"Saules Pane\u013ci Priv\u0101tm\u0101jai\"}]},{\"@type\":\"WebSite\",\"@id\":\"https:\/\/sauleunvejs.com\/#website\",\"url\":\"https:\/\/sauleunvejs.com\/\",\"name\":\"sauleunvejs.com\",\"description\":\"Sniedzam pilna servisa pakalpojumus saules pane\u013cu \u0123eneratoru izb\u016bv\u0113\",\"publisher\":{\"@id\":\"https:\/\/sauleunvejs.com\/#organization\"},\"potentialAction\":[{\"@type\":\"SearchAction\",\"target\":{\"@type\":\"EntryPoint\",\"urlTemplate\":\"https:\/\/sauleunvejs.com\/?s={search_term_string}\"},\"query-input\":{\"@type\":\"PropertyValueSpecification\",\"valueRequired\":true,\"valueName\":\"search_term_string\"}}],\"inLanguage\":\"en-GB\"},{\"@type\":\"Organization\",\"@id\":\"https:\/\/sauleunvejs.com\/#organization\",\"name\":\"S&W\",\"url\":\"https:\/\/sauleunvejs.com\/\",\"logo\":{\"@type\":\"ImageObject\",\"inLanguage\":\"en-GB\",\"@id\":\"https:\/\/sauleunvejs.com\/#\/schema\/logo\/image\/\",\"url\":\"https:\/\/sauleunvejs.com\/wp-content\/uploads\/2023\/11\/s-and-w-logo-svg.svg\",\"contentUrl\":\"https:\/\/sauleunvejs.com\/wp-content\/uploads\/2023\/11\/s-and-w-logo-svg.svg\",\"caption\":\"S&W\"},\"image\":{\"@id\":\"https:\/\/sauleunvejs.com\/#\/schema\/logo\/image\/\"}}]}<\/script>\n<!-- \/ Yoast SEO plugin. -->","yoast_head_json":{"title":"Saules Pane\u013ci Priv\u0101tm\u0101jai - sauleunvejs.com","description":"Za\u013c\u0101 ener\u0123ija Tav\u0101m m\u0101j\u0101m - sniedzam augstas kvalit\u0101tes saules pane\u013cu risin\u0101jumus priv\u0101tm\u0101j\u0101m. Samazini ener\u0123ijas r\u0113\u0137inus un ieg\u016bsti ilgtsp\u0113j\u012bgu ener\u0123iju!","robots":{"index":"index","follow":"follow","max-snippet":"max-snippet:-1","max-image-preview":"max-image-preview:large","max-video-preview":"max-video-preview:-1"},"canonical":"https:\/\/sauleunvejs.com\/en\/saules-paneli-privatmajai\/","og_locale":"en_GB","og_type":"article","og_title":"Saules Pane\u013ci Priv\u0101tm\u0101jai - sauleunvejs.com","og_description":"Za\u013c\u0101 ener\u0123ija Tav\u0101m m\u0101j\u0101m - sniedzam augstas kvalit\u0101tes saules pane\u013cu risin\u0101jumus priv\u0101tm\u0101j\u0101m. Samazini ener\u0123ijas r\u0113\u0137inus un ieg\u016bsti ilgtsp\u0113j\u012bgu ener\u0123iju!","og_url":"https:\/\/sauleunvejs.com\/en\/saules-paneli-privatmajai\/","og_site_name":"sauleunvejs.com","article_modified_time":"2024-08-28T13:40:42+00:00","twitter_card":"summary_large_image","twitter_misc":{"Estimated reading time":"1 minute"},"schema":{"@context":"https:\/\/schema.org","@graph":[{"@type":"WebPage","@id":"https:\/\/sauleunvejs.com\/saules-paneli-privatmajai\/","url":"https:\/\/sauleunvejs.com\/saules-paneli-privatmajai\/","name":"Saules Pane\u013ci Priv\u0101tm\u0101jai - sauleunvejs.com","isPartOf":{"@id":"https:\/\/sauleunvejs.com\/#website"},"datePublished":"2023-11-28T10:50:38+00:00","dateModified":"2024-08-28T13:40:42+00:00","description":"Za\u013c\u0101 ener\u0123ija Tav\u0101m m\u0101j\u0101m - sniedzam augstas kvalit\u0101tes saules pane\u013cu risin\u0101jumus priv\u0101tm\u0101j\u0101m. Samazini ener\u0123ijas r\u0113\u0137inus un ieg\u016bsti ilgtsp\u0113j\u012bgu ener\u0123iju!","breadcrumb":{"@id":"https:\/\/sauleunvejs.com\/saules-paneli-privatmajai\/#breadcrumb"},"inLanguage":"en-GB","potentialAction":[{"@type":"ReadAction","target":["https:\/\/sauleunvejs.com\/saules-paneli-privatmajai\/"]}]},{"@type":"BreadcrumbList","@id":"https:\/\/sauleunvejs.com\/saules-paneli-privatmajai\/#breadcrumb","itemListElement":[{"@type":"ListItem","position":1,"name":"Home","item":"https:\/\/sauleunvejs.com\/"},{"@type":"ListItem","position":2,"name":"Saules Pane\u013ci Priv\u0101tm\u0101jai"}]},{"@type":"WebSite","@id":"https:\/\/sauleunvejs.com\/#website","url":"https:\/\/sauleunvejs.com\/","name":"sauleunvejs.com","description":"Sniedzam pilna servisa pakalpojumus saules pane\u013cu \u0123eneratoru izb\u016bv\u0113","publisher":{"@id":"https:\/\/sauleunvejs.com\/#organization"},"potentialAction":[{"@type":"SearchAction","target":{"@type":"EntryPoint","urlTemplate":"https:\/\/sauleunvejs.com\/?s={search_term_string}"},"query-input":{"@type":"PropertyValueSpecification","valueRequired":true,"valueName":"search_term_string"}}],"inLanguage":"en-GB"},{"@type":"Organization","@id":"https:\/\/sauleunvejs.com\/#organization","name":"S&W","url":"https:\/\/sauleunvejs.com\/","logo":{"@type":"ImageObject","inLanguage":"en-GB","@id":"https:\/\/sauleunvejs.com\/#\/schema\/logo\/image\/","url":"https:\/\/sauleunvejs.com\/wp-content\/uploads\/2023\/11\/s-and-w-logo-svg.svg","contentUrl":"https:\/\/sauleunvejs.com\/wp-content\/uploads\/2023\/11\/s-and-w-logo-svg.svg","caption":"S&W"},"image":{"@id":"https:\/\/sauleunvejs.com\/#\/schema\/logo\/image\/"}}]}},"_links":{"self":[{"href":"https:\/\/sauleunvejs.com\/en\/wp-json\/wp\/v2\/pages\/1804","targetHints":{"allow":["GET"]}}],"collection":[{"href":"https:\/\/sauleunvejs.com\/en\/wp-json\/wp\/v2\/pages"}],"about":[{"href":"https:\/\/sauleunvejs.com\/en\/wp-json\/wp\/v2\/types\/page"}],"author":[{"embeddable":true,"href":"https:\/\/sauleunvejs.com\/en\/wp-json\/wp\/v2\/users\/4"}],"replies":[{"embeddable":true,"href":"https:\/\/sauleunvejs.com\/en\/wp-json\/wp\/v2\/comments?post=1804"}],"version-history":[{"count":21,"href":"https:\/\/sauleunvejs.com\/en\/wp-json\/wp\/v2\/pages\/1804\/revisions"}],"predecessor-version":[{"id":3352,"href":"https:\/\/sauleunvejs.com\/en\/wp-json\/wp\/v2\/pages\/1804\/revisions\/3352"}],"wp:attachment":[{"href":"https:\/\/sauleunvejs.com\/en\/wp-json\/wp\/v2\/media?parent=1804"}],"curies":[{"name":"wp","href":"https:\/\/api.w.org\/{rel}","templated":true}]}}